{"id":2032,"date":"2022-08-15T06:34:53","date_gmt":"2022-08-15T06:34:53","guid":{"rendered":"http:\/\/luan.webrt.net\/dhanlighting\/?page_id=2032"},"modified":"2023-05-29T02:35:56","modified_gmt":"2023-05-29T02:35:56","slug":"gioi-thieu","status":"publish","type":"page","link":"https:\/\/tsmst.com.vn\/?page_id=2032","title":{"rendered":"Gi\u1edbi thi\u1ec7u"},"content":{"rendered":"\t<section class=\"section dv_01\" id=\"section_312427512\">\n\t\t<div class=\"bg section-bg fill bg-fill  \" >\n\n\t\t\t\n\t\t\t\n\t\t\t\n\n\t\t<\/div>\n\n\t\t\n\n\t\t<div class=\"section-content relative\">\n\t\t\t\n<div class=\"row row-collapse\"  id=\"row-1789791309\">\n\n\t<div id=\"col-1593692386\" class=\"col small-12 large-12\"  >\n\t\t\t\t<div class=\"col-inner text-center\"  >\n\t\t\t\n\t\t\t\n \n    <div class=\"block__element_head\">\n              <h2 class=\"heading\">Gi\u1edbi thi\u1ec7u<\/h2>\n              <h3>Trang ch\u1ee7 \/ Gi\u1edbi thi\u1ec7u<\/h3>\n          <\/div>\n\n\t\t<\/div>\n\t\t\t\t\t<\/div>\n\n\t\n<\/div>\n\t\t<\/div>\n\n\t\t\n<style>\n#section_312427512 {\n  padding-top: 50px;\n  padding-bottom: 50px;\n}\n#section_312427512 .section-bg.bg-loaded {\n  background-image: url(https:\/\/tsmst.com.vn\/wp-content\/uploads\/2023\/05\/Frame-10.png);\n}\n#section_312427512 .ux-shape-divider--top svg {\n  height: 150px;\n  --divider-top-width: 100%;\n}\n#section_312427512 .ux-shape-divider--bottom svg {\n  height: 150px;\n  --divider-width: 100%;\n}\n@media (min-width:550px) {\n  #section_312427512 {\n    padding-top: 100px;\n    padding-bottom: 100px;\n  }\n}\n<\/style>\n\t<\/section>\n\t\n\t<section class=\"section st_02\" id=\"section_1955006677\">\n\t\t<div class=\"bg section-bg fill bg-fill  bg-loaded\" >\n\n\t\t\t\n\t\t\t\n\t\t\t\n\n\t\t<\/div>\n\n\t\t\n\n\t\t<div class=\"section-content relative\">\n\t\t\t\n<div class=\"row\"  id=\"row-109535148\">\n\n\t<div id=\"col-1512722369\" class=\"col medium-6 small-12 large-6\"  >\n\t\t\t\t<div class=\"col-inner\"  >\n\t\t\t\n\t\t\t\n \n    <div class=\"block__element_head\">\n              <h3>H\u1ed2 S\u01a0 C\u00d4NG TY<\/h3>\n          <\/div>\n\n<p>\u0110\u01b0\u1ee3c th\u00e0nh l\u1eadp t\u1ea1i Singapore v\u00e0o n\u0103m 2011, TSMST Technology kh\u1edfi \u0111\u1ea7u l\u00e0 nh\u00e0 cung c\u1ea5p d\u1ecbch v\u1ee5 \u0111\u1ed9c l\u1eadp cho c\u00e1c d\u1ecbch v\u1ee5 h\u1ed7 tr\u1ee3 h\u1ec7 th\u1ed1ng doanh nghi\u1ec7p chuy\u00ean v\u1ec1 d\u1ecbch v\u1ee5 b\u1ea3o tr\u00ec ph\u1ea7n c\u1ee9ng v\u00e0 k\u1ec3 t\u1eeb \u0111\u00f3, ch\u00fang t\u00f4i \u0111\u00e3 m\u1edf r\u1ed9ng chuy\u00ean m\u00f4n c\u1ee7a m\u00ecnh \u0111\u1ec3 cung c\u1ea5p c\u00e1c gi\u1ea3i ph\u00e1p v\u00e0 d\u1ecbch v\u1ee5 doanh nghi\u1ec7p bao g\u1ed3m c\u00e1c d\u1ecbch v\u1ee5 t\u00edch h\u1ee3p h\u1ec7 th\u1ed1ng, d\u1ecbch v\u1ee5 h\u1ec7 \u0111i\u1ec1u h\u00e0nh, CNTT \u0111\u01b0\u1ee3c qu\u1ea3n l\u00fd d\u1ecbch v\u1ee5 v\u00e0 d\u1ecbch v\u1ee5 chuy\u00ean nghi\u1ec7p bao g\u1ed3m t\u1ea5t c\u1ea3 c\u00e1c th\u01b0\u01a1ng hi\u1ec7u OEM l\u1edbn t\u1eeb c\u00e1c nh\u00e0 cung c\u1ea5p h\u00e0ng \u0111\u1ea7u trong ng\u00e0nh.<\/p>\n<p>S\u1ee9 m\u1ec7nh c\u1ee7a ch\u00fang t\u00f4i l\u00e0 c\u00e1c gi\u1ea3i ph\u00e1p v\u1ec1 \u201cCNTT\u201d to\u00e0n c\u1ea7u. Trong v\u00e0i n\u0103m qua, ho\u1ea1t \u0111\u1ed9ng kinh doanh c\u1ee7a ch\u00fang t\u00f4i \u0111\u00e3 m\u1edf r\u1ed9ng sang H\u1ed3ng K\u00f4ng, Malaysia, Th\u00e1i Lan v\u00e0 Indonesia.<\/p>\n\t\t<\/div>\n\t\t\t\t\t<\/div>\n\n\t\n\n\t<div id=\"col-1692676659\" class=\"col medium-6 small-12 large-6\"  >\n\t\t\t\t<div class=\"col-inner text-right\"  >\n\t\t\t\n\t\t\t\n\t<div class=\"img has-hover x md-x lg-x y md-y lg-y\" id=\"image_352164473\">\n\t\t\t\t\t\t\t\t<div class=\"img-inner dark\" >\n\t\t\t<img width=\"556\" height=\"397\" src=\"https:\/\/tsmst.com.vn\/wp-content\/uploads\/2023\/05\/Rectangle-3.png\" class=\"attachment-large size-large\" alt=\"\" decoding=\"async\" loading=\"lazy\" \/>\t\t\t\t\t\t\n\t\t\t\t\t<\/div>\n\t\t\t\t\t\t\t\t\n<style>\n#image_352164473 {\n  width: 95%;\n}\n<\/style>\n\t<\/div>\n\t\n\t\t<\/div>\n\t\t\t\t\t<\/div>\n\n\t\n<\/div>\n<div class=\"row\"  id=\"row-181223425\">\n\n\t<div id=\"col-2047289722\" class=\"col medium-6 small-12 large-6\"  >\n\t\t\t\t<div class=\"col-inner text-right\"  >\n\t\t\t\n\t\t\t\n\t<div class=\"img has-hover x md-x lg-x y md-y lg-y\" id=\"image_1170932247\">\n\t\t\t\t\t\t\t\t<div class=\"img-inner dark\" >\n\t\t\t<img width=\"556\" height=\"397\" src=\"https:\/\/tsmst.com.vn\/wp-content\/uploads\/2023\/05\/Rectangle-3.png\" class=\"attachment-large size-large\" alt=\"\" decoding=\"async\" loading=\"lazy\" \/>\t\t\t\t\t\t\n\t\t\t\t\t<\/div>\n\t\t\t\t\t\t\t\t\n<style>\n#image_1170932247 {\n  width: 95%;\n}\n<\/style>\n\t<\/div>\n\t\n\t\t<\/div>\n\t\t\t\t\t<\/div>\n\n\t\n\n\t<div id=\"col-1630440437\" class=\"col medium-6 small-12 large-6\"  >\n\t\t\t\t<div class=\"col-inner\"  >\n\t\t\t\n\t\t\t\n<p><span>C\u00f3 \u0111\u01b0\u1ee3c s\u1ef1 t\u0103ng tr\u01b0\u1edfng nhanh ch\u00f3ng nh\u01b0 v\u1eady l\u00e0 nh\u1edd \u0111\u1ed9i ng\u0169 c\u1ee7a ch\u00fang t\u00f4i- nh\u1eefng ng\u01b0\u1eddi s\u1edf h\u1eefu kinh nghi\u1ec7m ch\u01b0a t\u1eebng c\u00f3 v\u1ec1 chi\u1ebfn l\u01b0\u1ee3c, b\u00e1n h\u00e0ng, tr\u1ea3i nghi\u1ec7m kh\u00e1ch h\u00e0ng, ki\u1ebfn \u200b\u200bth\u1ee9c k\u1ef9 thu\u1eadt v\u00e0 s\u1ea3n ph\u1ea9m trong ng\u00e0nh c\u00f4ng ngh\u1ec7- m\u00e1y t\u00ednh. TSMST<\/span><span> \u0111\u1ea7u t\u01b0 v\u00e0o ngu\u1ed3n nh\u00e2n l\u1ef1c c\u1ee7a m\u00ecnh v\u00ec ch\u00fang t\u00f4i tin r\u1eb1ng vi\u1ec7c \u0111\u00e1p \u1ee9ng v\u00e0 v\u01b0\u1ee3t qu\u00e1 mong \u0111\u1ee3i c\u1ee7a kh\u00e1ch h\u00e0ng s\u1ebd th\u00fac \u0111\u1ea9y vi\u1ec7c gi\u1eef ch\u00e2n kh\u00e1ch h\u00e0ng v\u00e0 s\u1ef1 g\u1eafn b\u00f3 c\u1ee7a kh\u00e1ch h\u00e0ng, n\u00f3i ng\u1eafn g\u1ecdn l\u00e0 &#8220;L\u00f2ng trung th\u00e0nh&#8221;. <\/span><span>Kh\u00e1ch h\u00e0ng \u0111\u1ea7u ti\u00ean c\u1ee7a ch\u00fang t\u00f4i v\u1eabn c\u00f2n v\u1edbi ch\u00fang t\u00f4i ng\u00e0y h\u00f4m nay.\u00a0<\/span><span>Ng\u00e0y nay, k\u1ef9 s\u01b0 k\u1ef9 thu\u1eadt ho\u1eb7c hi\u1ec7n tr\u01b0\u1eddng c\u1ee7a ch\u00fang t\u00f4i chi\u1ebfm 70% nh\u00e2n vi\u00ean \u1edf khu v\u1ef1c Ch\u00e2u \u00c1 Th\u00e1i B\u00ecnh D\u01b0\u01a1ng. <\/span><span>Hi\u1ec7n t\u1ea1i, TSMST \u0111ang h\u1ed7 tr\u1ee3 h\u01a1n 5.000 h\u1ec7 th\u1ed1ng (m\u00e1y ch\u1ee7, kho l\u01b0u tr\u1eef v\u00e0 m\u1ea1ng) \u1edf khu v\u1ef1c Ch\u00e2u \u00c1 Th\u00e1i B\u00ecnh D\u01b0\u01a1ng v\u00e0 bao g\u1ed3m c\u00e1c kh\u00e1ch h\u00e0ng doanh nghi\u1ec7p tr\u00ean t\u1ea5t c\u1ea3 c\u00e1c ng\u00e0nh th\u00f4ng qua c\u00e1c \u0111\u1ed1i t\u00e1c c\u1ee7a m\u00ecnh.<\/span><\/p>\n\t\t<\/div>\n\t\t\t\t\t<\/div>\n\n\t\n\n<style>\n#row-181223425 > .col > .col-inner {\n  padding: 50px 0px 0px 0px;\n}\n<\/style>\n<\/div>\n\t\t<\/div>\n\n\t\t\n<style>\n#section_1955006677 {\n  padding-top: 35px;\n  padding-bottom: 35px;\n}\n#section_1955006677 .ux-shape-divider--top svg {\n  height: 150px;\n  --divider-top-width: 100%;\n}\n#section_1955006677 .ux-shape-divider--bottom svg {\n  height: 150px;\n  --divider-width: 100%;\n}\n@media (min-width:550px) {\n  #section_1955006677 {\n    padding-top: 70px;\n    padding-bottom: 70px;\n  }\n}\n<\/style>\n\t<\/section>\n\t\n","protected":false},"excerpt":{"rendered":"","protected":false},"author":1,"featured_media":0,"parent":0,"menu_order":9,"comment_status":"closed","ping_status":"closed","template":"page-blank.php","meta":[],"yoast_head":"<!-- This site is optimized with the Yoast SEO plugin v20.8 - https:\/\/yoast.com\/wordpress\/plugins\/seo\/ -->\n<title>tsmst<\/title>\n<meta name=\"robots\" content=\"index, follow, max-snippet:-1, max-image-preview:large, max-video-preview:-1\" \/>\n<link rel=\"canonical\" href=\"https:\/\/tsmst.com.vn\/?page_id=2032\" \/>\n<meta property=\"og:locale\" content=\"vi_VN\" \/>\n<meta property=\"og:type\" content=\"article\" \/>\n<meta property=\"og:title\" content=\"tsmst\" \/>\n<meta property=\"og:url\" content=\"https:\/\/tsmst.com.vn\/?page_id=2032\" \/>\n<meta property=\"og:site_name\" content=\"tsmst\" \/>\n<meta property=\"article:modified_time\" content=\"2023-05-29T02:35:56+00:00\" \/>\n<meta name=\"twitter:card\" content=\"summary_large_image\" \/>\n<meta name=\"twitter:label1\" content=\"\u01af\u1edbc t\u00ednh th\u1eddi gian \u0111\u1ecdc\" \/>\n\t<meta name=\"twitter:data1\" content=\"1 ph\u00fat\" \/>\n<script type=\"application\/ld+json\" class=\"yoast-schema-graph\">{\"@context\":\"https:\/\/schema.org\",\"@graph\":[{\"@type\":\"WebPage\",\"@id\":\"https:\/\/tsmst.com.vn\/?page_id=2032\",\"url\":\"https:\/\/tsmst.com.vn\/?page_id=2032\",\"name\":\"tsmst\",\"isPartOf\":{\"@id\":\"https:\/\/tsmst.com.vn\/#website\"},\"datePublished\":\"2022-08-15T06:34:53+00:00\",\"dateModified\":\"2023-05-29T02:35:56+00:00\",\"breadcrumb\":{\"@id\":\"https:\/\/tsmst.com.vn\/?page_id=2032#breadcrumb\"},\"inLanguage\":\"vi\",\"potentialAction\":[{\"@type\":\"ReadAction\",\"target\":[\"https:\/\/tsmst.com.vn\/?page_id=2032\"]}]},{\"@type\":\"BreadcrumbList\",\"@id\":\"https:\/\/tsmst.com.vn\/?page_id=2032#breadcrumb\",\"itemListElement\":[{\"@type\":\"ListItem\",\"position\":1,\"name\":\"Trang ch\u1ee7\",\"item\":\"https:\/\/tsmst.com.vn\/\"},{\"@type\":\"ListItem\",\"position\":2,\"name\":\"Gi\u1edbi thi\u1ec7u\"}]},{\"@type\":\"WebSite\",\"@id\":\"https:\/\/tsmst.com.vn\/#website\",\"url\":\"https:\/\/tsmst.com.vn\/\",\"name\":\"tsmst\",\"description\":\"tsmst\",\"potentialAction\":[{\"@type\":\"SearchAction\",\"target\":{\"@type\":\"EntryPoint\",\"urlTemplate\":\"https:\/\/tsmst.com.vn\/?s={search_term_string}\"},\"query-input\":\"required name=search_term_string\"}],\"inLanguage\":\"vi\"}]}<\/script>\n<!-- \/ Yoast SEO plugin. -->","yoast_head_json":{"title":"tsmst","robots":{"index":"index","follow":"follow","max-snippet":"max-snippet:-1","max-image-preview":"max-image-preview:large","max-video-preview":"max-video-preview:-1"},"canonical":"https:\/\/tsmst.com.vn\/?page_id=2032","og_locale":"vi_VN","og_type":"article","og_title":"tsmst","og_url":"https:\/\/tsmst.com.vn\/?page_id=2032","og_site_name":"tsmst","article_modified_time":"2023-05-29T02:35:56+00:00","twitter_card":"summary_large_image","twitter_misc":{"\u01af\u1edbc t\u00ednh th\u1eddi gian \u0111\u1ecdc":"1 ph\u00fat"},"schema":{"@context":"https:\/\/schema.org","@graph":[{"@type":"WebPage","@id":"https:\/\/tsmst.com.vn\/?page_id=2032","url":"https:\/\/tsmst.com.vn\/?page_id=2032","name":"tsmst","isPartOf":{"@id":"https:\/\/tsmst.com.vn\/#website"},"datePublished":"2022-08-15T06:34:53+00:00","dateModified":"2023-05-29T02:35:56+00:00","breadcrumb":{"@id":"https:\/\/tsmst.com.vn\/?page_id=2032#breadcrumb"},"inLanguage":"vi","potentialAction":[{"@type":"ReadAction","target":["https:\/\/tsmst.com.vn\/?page_id=2032"]}]},{"@type":"BreadcrumbList","@id":"https:\/\/tsmst.com.vn\/?page_id=2032#breadcrumb","itemListElement":[{"@type":"ListItem","position":1,"name":"Trang ch\u1ee7","item":"https:\/\/tsmst.com.vn\/"},{"@type":"ListItem","position":2,"name":"Gi\u1edbi thi\u1ec7u"}]},{"@type":"WebSite","@id":"https:\/\/tsmst.com.vn\/#website","url":"https:\/\/tsmst.com.vn\/","name":"tsmst","description":"tsmst","potentialAction":[{"@type":"SearchAction","target":{"@type":"EntryPoint","urlTemplate":"https:\/\/tsmst.com.vn\/?s={search_term_string}"},"query-input":"required name=search_term_string"}],"inLanguage":"vi"}]}},"_links":{"self":[{"href":"https:\/\/tsmst.com.vn\/index.php?rest_route=\/wp\/v2\/pages\/2032"}],"collection":[{"href":"https:\/\/tsmst.com.vn\/index.php?rest_route=\/wp\/v2\/pages"}],"about":[{"href":"https:\/\/tsmst.com.vn\/index.php?rest_route=\/wp\/v2\/types\/page"}],"author":[{"embeddable":true,"href":"https:\/\/tsmst.com.vn\/index.php?rest_route=\/wp\/v2\/users\/1"}],"replies":[{"embeddable":true,"href":"https:\/\/tsmst.com.vn\/index.php?rest_route=%2Fwp%2Fv2%2Fcomments&post=2032"}],"version-history":[{"count":36,"href":"https:\/\/tsmst.com.vn\/index.php?rest_route=\/wp\/v2\/pages\/2032\/revisions"}],"predecessor-version":[{"id":3675,"href":"https:\/\/tsmst.com.vn\/index.php?rest_route=\/wp\/v2\/pages\/2032\/revisions\/3675"}],"wp:attachment":[{"href":"https:\/\/tsmst.com.vn\/index.php?rest_route=%2Fwp%2Fv2%2Fmedia&parent=2032"}],"curies":[{"name":"wp","href":"https:\/\/api.w.org\/{rel}","templated":true}]}}