{"id":97,"date":"2013-08-06T20:13:19","date_gmt":"2013-08-06T20:13:19","guid":{"rendered":"http:\/\/localhost:8888\/test\/?page_id=17"},"modified":"2023-06-01T02:01:42","modified_gmt":"2023-06-01T02:01:42","slug":"trang-chu","status":"publish","type":"page","link":"https:\/\/tsmst.com.vn\/","title":{"rendered":"Trang ch\u1ee7"},"content":{"rendered":"<div class=\"slider-wrapper relative st_01\" id=\"slider-1852293255\" >\n    <div class=\"slider slider-nav-circle slider-nav-large slider-nav-light slider-style-normal\"\n        data-flickity-options='{\n            \"cellAlign\": \"center\",\n            \"imagesLoaded\": true,\n            \"lazyLoad\": 1,\n            \"freeScroll\": false,\n            \"wrapAround\": true,\n            \"autoPlay\": 6000,\n            \"pauseAutoPlayOnHover\" : true,\n            \"prevNextButtons\": true,\n            \"contain\" : true,\n            \"adaptiveHeight\" : true,\n            \"dragThreshold\" : 10,\n            \"percentPosition\": true,\n            \"pageDots\": true,\n            \"rightToLeft\": false,\n            \"draggable\": true,\n            \"selectedAttraction\": 0.1,\n            \"parallax\" : 0,\n            \"friction\": 0.6        }'\n        >\n        \n\n  <div class=\"banner has-hover\" id=\"banner-348663421\">\n          <div class=\"banner-inner fill\">\n        <div class=\"banner-bg fill\" >\n            <div class=\"bg fill bg-fill \"><\/div>\n                                    \n                    <\/div>\n\t\t\n        <div class=\"banner-layers container\">\n            <div class=\"fill banner-link\"><\/div>            \n   <div id=\"text-box-47663220\" class=\"text-box banner-layer x50 md-x50 lg-x50 y50 md-y50 lg-y50 res-text\">\n                                <div class=\"text-box-content text dark\">\n              \n              <div class=\"text-inner text-center\">\n                  \n<h3>gi\u1ea3i ph\u00e1p &amp; d\u1ecbch v\u1ee5<br \/>\none stop it cao c\u1ea5p c\u1ee7a b\u1ea1n<\/h3>\n<a href=\"#\" target=\"_self\" class=\"button primary lowercase\"  >\n    <span>\u0110\u1ecdc th\u00eam<\/span>\n  <\/a>\n\n              <\/div>\n           <\/div>\n                            \n<style>\n#text-box-47663220 {\n  width: 84%;\n}\n#text-box-47663220 .text-box-content {\n  font-size: 100%;\n}\n<\/style>\n    <\/div>\n \n        <\/div>\n      <\/div>\n\n            \n<style>\n#banner-348663421 {\n  padding-top: 600px;\n}\n#banner-348663421 .bg.bg-loaded {\n  background-image: url(https:\/\/tsmst.com.vn\/wp-content\/uploads\/2023\/05\/IMAGE-1-1400x438.png);\n}\n#banner-348663421 .ux-shape-divider--top svg {\n  height: 150px;\n  --divider-top-width: 100%;\n}\n#banner-348663421 .ux-shape-divider--bottom svg {\n  height: 150px;\n  --divider-width: 100%;\n}\n<\/style>\n  <\/div>\n\n\n     <\/div>\n\n     <div class=\"loading-spin dark large centered\"><\/div>\n\n     \t<\/div>\n\n\n\t<section class=\"section st_02\" id=\"section_1051210194\">\n\t\t<div class=\"bg section-bg fill bg-fill  bg-loaded\" >\n\n\t\t\t\n\t\t\t\n\t\t\t\n\n\t\t<\/div>\n\n\t\t\n\n\t\t<div class=\"section-content relative\">\n\t\t\t\n<div class=\"row\"  id=\"row-1546903505\">\n\n\t<div id=\"col-56731286\" class=\"col medium-6 small-12 large-6\"  >\n\t\t\t\t<div class=\"col-inner\"  >\n\t\t\t\n\t\t\t\n \n    <div class=\"block__element_head\">\n              <h2 class=\"heading\">V\u1ec0 CH\u00daNG T\u00d4I<\/h2>\n              <h3>CH\u00daNG TA L\u00c0 AI?<\/h3>\n          <\/div>\n\n<p>\u0110\u01b0\u1ee3c th\u00e0nh l\u1eadp t\u1ea1i Singapore v\u00e0o n\u0103m 2011, TSMST Technology kh\u1edfi \u0111\u1ea7u l\u00e0 nh\u00e0 cung c\u1ea5p d\u1ecbch v\u1ee5 \u0111\u1ed9c l\u1eadp cho c\u00e1c d\u1ecbch v\u1ee5 h\u1ed7 tr\u1ee3 h\u1ec7 th\u1ed1ng doanh nghi\u1ec7p chuy\u00ean v\u1ec1 d\u1ecbch v\u1ee5 b\u1ea3o tr\u00ec ph\u1ea7n c\u1ee9ng v\u00e0 k\u1ec3 t\u1eeb \u0111\u00f3, ch\u00fang t\u00f4i \u0111\u00e3 m\u1edf r\u1ed9ng chuy\u00ean m\u00f4n c\u1ee7a m\u00ecnh \u0111\u1ec3 cung c\u1ea5p c\u00e1c gi\u1ea3i ph\u00e1p v\u00e0 d\u1ecbch v\u1ee5 doanh nghi\u1ec7p bao g\u1ed3m c\u00e1c d\u1ecbch v\u1ee5 t\u00edch h\u1ee3p h\u1ec7 th\u1ed1ng, d\u1ecbch v\u1ee5 h\u1ec7 \u0111i\u1ec1u h\u00e0nh, CNTT \u0111\u01b0\u1ee3c qu\u1ea3n l\u00fd d\u1ecbch v\u1ee5 v\u00e0 d\u1ecbch v\u1ee5 chuy\u00ean nghi\u1ec7p bao g\u1ed3m t\u1ea5t c\u1ea3 c\u00e1c th\u01b0\u01a1ng hi\u1ec7u OEM l\u1edbn t\u1eeb c\u00e1c nh\u00e0 cung c\u1ea5p h\u00e0ng \u0111\u1ea7u trong ng\u00e0nh.<\/p>\n<p>\u00a0<\/p>\n<a href=\"https:\/\/tsmst.com.vn\/?page_id=2032\" target=\"_self\" class=\"button primary lowercase\"  >\n    <span>\u0110\u1ecdc th\u00eam<\/span>\n  <\/a>\n\n\t\t<\/div>\n\t\t\t\t\t<\/div>\n\n\t\n\n\t<div id=\"col-1028254391\" class=\"col medium-6 small-12 large-6\"  >\n\t\t\t\t<div class=\"col-inner text-right\"  >\n\t\t\t\n\t\t\t\n\t<div class=\"img has-hover x md-x lg-x y md-y lg-y\" id=\"image_702329569\">\n\t\t\t\t\t\t\t\t<div class=\"img-inner dark\" >\n\t\t\t<img width=\"556\" height=\"397\" src=\"https:\/\/tsmst.com.vn\/wp-content\/uploads\/2023\/05\/Rectangle-3.png\" class=\"attachment-large size-large\" alt=\"\" decoding=\"async\" loading=\"lazy\" \/>\t\t\t\t\t\t\n\t\t\t\t\t<\/div>\n\t\t\t\t\t\t\t\t\n<style>\n#image_702329569 {\n  width: 95%;\n}\n<\/style>\n\t<\/div>\n\t\n\t\t<\/div>\n\t\t\t\t\t<\/div>\n\n\t\n<\/div>\n\t\t<\/div>\n\n\t\t\n<style>\n#section_1051210194 {\n  padding-top: 35px;\n  padding-bottom: 35px;\n}\n#section_1051210194 .ux-shape-divider--top svg {\n  height: 150px;\n  --divider-top-width: 100%;\n}\n#section_1051210194 .ux-shape-divider--bottom svg {\n  height: 150px;\n  --divider-width: 100%;\n}\n@media (min-width:550px) {\n  #section_1051210194 {\n    padding-top: 70px;\n    padding-bottom: 70px;\n  }\n}\n<\/style>\n\t<\/section>\n\t\n\t<section class=\"section st_03\" id=\"section_224933626\">\n\t\t<div class=\"bg section-bg fill bg-fill  \" >\n\n\t\t\t\n\t\t\t\n\t\t\t\n\n\t\t<\/div>\n\n\t\t\n\n\t\t<div class=\"section-content relative\">\n\t\t\t\n<div class=\"row\"  id=\"row-153133522\">\n\n\t<div id=\"col-521826971\" class=\"col small-12 large-12\"  >\n\t\t\t\t<div class=\"col-inner text-center\"  >\n\t\t\t\n\t\t\t\n \n    <div class=\"block__element_head\">\n              <h2 class=\"heading\">D\u1ecbch V\u1ee5 C\u1ee7a ch\u00fang T\u00f4i<\/h2>\n              <h3>H\u00e3y xem c\u00e1c d\u1ecbch v\u1ee5 t\u00ednh n\u0103ng h\u00e0ng \u0111\u1ea7u<\/h3>\n          <\/div>\n\n\t\t<\/div>\n\t\t\t\t\t<\/div>\n\n\t\n\n\t<div id=\"col-1517919173\" class=\"col medium-3 small-12 large-3\"  >\n\t\t\t\t<div class=\"col-inner\"  >\n\t\t\t\n\t\t\t\n\n\t<a class=\"plain\" href=\"https:\/\/tsmst.com.vn\/?p=3466\"  >\t<div class=\"icon-box featured-box icon-box-center text-center\"  >\n\t\t\t\t\t<div class=\"title-icon\">\n\t\t\t\t\t\t\t\t\t\t\t<\/div>\n\t\t\t<div class=\"icon-box-img\" style=\"width: 96px\">\n\t\t\t\t<div class=\"icon\">\n\t\t\t\t\t<div class=\"icon-inner\" >\n\t\t\t\t\t\t<img width=\"96\" height=\"90\" src=\"https:\/\/tsmst.com.vn\/wp-content\/uploads\/2023\/05\/IMAGE.png\" class=\"attachment-medium size-medium\" alt=\"\" decoding=\"async\" loading=\"lazy\" \/>\t\t\t\t\t<\/div>\n\t\t\t\t<\/div>\n\t\t\t<\/div>\n\t\t\t\t<div class=\"icon-box-text last-reset\">\n\t\t\t\n<h3>D\u1ecaCH V\u1ee4 TIN H\u1eccC DOANH NGHI\u1ec6P<\/h3>\n<p>\u2022 B\u00e1n l\u1ea1i h\u1ec7 th\u1ed1ng m\u00e1y t\u00ednh doanh nghi\u1ec7p m\u1edbi v\u00e0 \u0111\u00e3 \u0111\u01b0\u1ee3c t\u00e2n trang l\u1ea1i nh\u01b0 m\u00e1y ch\u1ee7 v\u00e0 b\u1ed9 l\u01b0u tr\u1eef.<\/p>\n\t\t<\/div>\n\t<\/div>\n\t<\/a>\n\t\n\t\t<\/div>\n\t\t\t\t\t<\/div>\n\n\t\n\n\t<div id=\"col-800322370\" class=\"col medium-3 small-12 large-3\"  >\n\t\t\t\t<div class=\"col-inner\"  >\n\t\t\t\n\t\t\t\n\n\t<a class=\"plain\" href=\"https:\/\/tsmst.com.vn\/?p=3468\"  >\t<div class=\"icon-box featured-box icon-box-center text-center\"  >\n\t\t\t\t\t<div class=\"title-icon\">\n\t\t\t\t\t\t\t\t\t\t\t<\/div>\n\t\t\t<div class=\"icon-box-img\" style=\"width: 126px\">\n\t\t\t\t<div class=\"icon\">\n\t\t\t\t\t<div class=\"icon-inner\" >\n\t\t\t\t\t\t<img width=\"126\" height=\"90\" src=\"https:\/\/tsmst.com.vn\/wp-content\/uploads\/2023\/05\/IMAGE-1-1.png\" class=\"attachment-medium size-medium\" alt=\"\" decoding=\"async\" loading=\"lazy\" \/>\t\t\t\t\t<\/div>\n\t\t\t\t<\/div>\n\t\t\t<\/div>\n\t\t\t\t<div class=\"icon-box-text last-reset\">\n\t\t\t\n<h3>D\u1ecaCH V\u1ee4 H\u1ed6 TR\u1ee2 B\u1ea2O TR\u00cc PH\u1ea6N C\u1ee8NG<\/h3>\n<p>\u2022 H\u1ed7 tr\u1ee3 B\u1ea3o tr\u00ec Back to Back v\u1edbi c\u00e1c nh\u00e0 cung c\u1ea5p OEM nh\u01b0 Arista, Lenovo, Super Micro\u2026<\/p>\n\t\t<\/div>\n\t<\/div>\n\t<\/a>\n\t\n\t\t<\/div>\n\t\t\t\t\t<\/div>\n\n\t\n\n\t<div id=\"col-1760528243\" class=\"col medium-3 small-12 large-3\"  >\n\t\t\t\t<div class=\"col-inner\"  >\n\t\t\t\n\t\t\t\n\n\t<a class=\"plain\" href=\"https:\/\/tsmst.com.vn\/?p=3470\"  >\t<div class=\"icon-box featured-box icon-box-center text-center\"  >\n\t\t\t\t\t<div class=\"title-icon\">\n\t\t\t\t\t\t\t\t\t\t\t<\/div>\n\t\t\t<div class=\"icon-box-img\" style=\"width: 67px\">\n\t\t\t\t<div class=\"icon\">\n\t\t\t\t\t<div class=\"icon-inner\" >\n\t\t\t\t\t\t<img width=\"67\" height=\"90\" src=\"https:\/\/tsmst.com.vn\/wp-content\/uploads\/2023\/05\/IMAGE-2.png\" class=\"attachment-medium size-medium\" alt=\"\" decoding=\"async\" loading=\"lazy\" \/>\t\t\t\t\t<\/div>\n\t\t\t\t<\/div>\n\t\t\t<\/div>\n\t\t\t\t<div class=\"icon-box-text last-reset\">\n\t\t\t\n<h3>D.V\u1ee4 H\u1ed6 TR\u1ee2 H\u1ec6 \u0110I\u1ec0U H\u00c0NH V\u00c0 PM<\/h3>\n<p>\u2022 Microsoft Windows<br \/>\n\u2022 IBM AIX<br \/>\n\u2022 HP-UX<\/p>\n\t\t<\/div>\n\t<\/div>\n\t<\/a>\n\t\n\t\t<\/div>\n\t\t\t\t\t<\/div>\n\n\t\n\n\t<div id=\"col-4899220\" class=\"col medium-3 small-12 large-3\"  >\n\t\t\t\t<div class=\"col-inner\"  >\n\t\t\t\n\t\t\t\n\n\t<a class=\"plain\" href=\"https:\/\/tsmst.com.vn\/?p=3463\"  >\t<div class=\"icon-box featured-box icon-box-center text-center\"  >\n\t\t\t\t\t<div class=\"title-icon\">\n\t\t\t\t\t\t\t\t\t\t\t<\/div>\n\t\t\t<div class=\"icon-box-img\" style=\"width: 88px\">\n\t\t\t\t<div class=\"icon\">\n\t\t\t\t\t<div class=\"icon-inner\" >\n\t\t\t\t\t\t<img width=\"88\" height=\"90\" src=\"https:\/\/tsmst.com.vn\/wp-content\/uploads\/2023\/05\/IMAGE-3.png\" class=\"attachment-medium size-medium\" alt=\"\" decoding=\"async\" loading=\"lazy\" \/>\t\t\t\t\t<\/div>\n\t\t\t\t<\/div>\n\t\t\t<\/div>\n\t\t\t\t<div class=\"icon-box-text last-reset\">\n\t\t\t\n<h3>D\u1ecaCH V\u1ee4 CNTT \u0110\u01af\u1ee2C QU\u1ea2N L\u00dd<\/h3>\n<p>\u2022 L\u01b0u tr\u1eef trung t\u00e2m d\u1eef li\u1ec7u<br \/>\n\u2022 Trung t\u00e2m d\u1eef li\u1ec7u<br \/>\n\u2022 C\u01a1 s\u1edf h\u1ea1 t\u1ea7ng t\u1eeb xa<\/p>\n\t\t<\/div>\n\t<\/div>\n\t<\/a>\n\t\n\t\t<\/div>\n\t\t\t\t\t<\/div>\n\n\t\n\n\t<div id=\"col-1762847448\" class=\"col medium-3 small-12 large-3\"  >\n\t\t\t\t<div class=\"col-inner\"  >\n\t\t\t\n\t\t\t\n\n\t<a class=\"plain\" href=\"https:\/\/tsmst.com.vn\/?p=3457\"  >\t<div class=\"icon-box featured-box icon-box-center text-center\"  >\n\t\t\t\t\t<div class=\"title-icon\">\n\t\t\t\t\t\t\t\t\t\t\t<\/div>\n\t\t\t<div class=\"icon-box-img\" style=\"width: 95px\">\n\t\t\t\t<div class=\"icon\">\n\t\t\t\t\t<div class=\"icon-inner\" >\n\t\t\t\t\t\t<img width=\"95\" height=\"90\" src=\"https:\/\/tsmst.com.vn\/wp-content\/uploads\/2023\/05\/IMAGE-4.png\" class=\"attachment-medium size-medium\" alt=\"\" decoding=\"async\" loading=\"lazy\" \/>\t\t\t\t\t<\/div>\n\t\t\t\t<\/div>\n\t\t\t<\/div>\n\t\t\t\t<div class=\"icon-box-text last-reset\">\n\t\t\t\n<h3>D\u1ecaCH V\u1ee4 CHUY\u00caN NGHI\u1ec6P<\/h3>\n<p>\u2022 Qu\u1ea3n l\u00fd d\u1ef1 \u00e1n<br \/>\n\u2022 H\u1ec7 th\u1ed1ng m\u00e1y t\u00ednh doanh nghi\u1ec7p nh\u01b0 l\u01b0u tr\u1eef v\u00e0 m\u00e1y ch\u1ee7.<\/p>\n\t\t<\/div>\n\t<\/div>\n\t<\/a>\n\t\n\t\t<\/div>\n\t\t\t\t\t<\/div>\n\n\t\n<\/div>\n\t\t<\/div>\n\n\t\t\n<style>\n#section_224933626 {\n  padding-top: 35px;\n  padding-bottom: 35px;\n}\n#section_224933626 .section-bg.bg-loaded {\n  background-image: url(https:\/\/tsmst.com.vn\/wp-content\/uploads\/2023\/05\/Frame-11.png);\n}\n#section_224933626 .ux-shape-divider--top svg {\n  height: 150px;\n  --divider-top-width: 100%;\n}\n#section_224933626 .ux-shape-divider--bottom svg {\n  height: 150px;\n  --divider-width: 100%;\n}\n@media (min-width:550px) {\n  #section_224933626 {\n    padding-top: 95px;\n    padding-bottom: 95px;\n  }\n}\n<\/style>\n\t<\/section>\n\t\n\t<section class=\"section st_04\" id=\"section_716503973\">\n\t\t<div class=\"bg section-bg fill bg-fill  \" >\n\n\t\t\t\n\t\t\t\n\t\t\t\n\n\t\t<\/div>\n\n\t\t\n\n\t\t<div class=\"section-content relative\">\n\t\t\t\n<div class=\"row\"  id=\"row-958927420\">\n\n\t<div id=\"col-1873426421\" class=\"col small-12 large-12\"  >\n\t\t\t\t<div class=\"col-inner text-center\"  >\n\t\t\t\n\t\t\t\n \n    <div class=\"block__element_head\">\n              <h2 class=\"heading\">li\u00ean h\u1ec7 ch\u00fang t\u00f4i<\/h2>\n              <h3>N\u1ebfu b\u1ea1n c\u00f3 b\u1ea5t k\u1ef3 c\u00e2u h\u1ecfi n\u00e0o, c\u1ea7n th\u00eam th\u00f4ng tin ho\u1eb7c ch\u1ec9 mu\u1ed1n cho ch\u00fang t\u00f4i bi\u1ebft \u00fd ki\u1ebfn  c\u1ee7a b\u1ea1n,<\/h3>\n          <\/div>\n\n\n<div class=\"wpcf7 no-js\" id=\"wpcf7-f3171-o1\" lang=\"vi\" dir=\"ltr\">\n<div class=\"screen-reader-response\"><p role=\"status\" aria-live=\"polite\" aria-atomic=\"true\"><\/p> <ul><\/ul><\/div>\n<form action=\"\/index.php?rest_route=%2Fwp%2Fv2%2Fpages%2F97#wpcf7-f3171-o1\" method=\"post\" class=\"wpcf7-form init\" aria-label=\"Form li\u00ean h\u1ec7\" novalidate=\"novalidate\" data-status=\"init\">\n<div style=\"display: none;\">\n<input type=\"hidden\" name=\"_wpcf7\" value=\"3171\" \/>\n<input type=\"hidden\" name=\"_wpcf7_version\" value=\"5.7.6\" \/>\n<input type=\"hidden\" name=\"_wpcf7_locale\" value=\"vi\" \/>\n<input type=\"hidden\" name=\"_wpcf7_unit_tag\" value=\"wpcf7-f3171-o1\" \/>\n<input type=\"hidden\" name=\"_wpcf7_container_post\" value=\"0\" \/>\n<input type=\"hidden\" name=\"_wpcf7_posted_data_hash\" value=\"\" \/>\n<\/div>\n<h2 class=\"title-sp\">\n<\/h2>\n<div class=\"row form-cafe\">\n\t<div class=\"col small-12 large-6\">\n\t\t<div class=\"form-group\">\n\t\t\t<p><span class=\"wpcf7-form-control-wrap\" data-name=\"ten-01\"><input size=\"40\" class=\"wpcf7-form-control wpcf7-text wpcf7-validates-as-required form-name-control\" aria-required=\"true\" aria-invalid=\"false\" placeholder=\"H\u1ecd v\u00e0 t\u00ean*\" value=\"\" type=\"text\" name=\"ten-01\" \/><\/span>\n\t\t\t<\/p>\n\t\t<\/div>\n\t<\/div>\n\t<div class=\"col small-12 large-6\">\n\t\t<div class=\"form-group\">\n\t\t\t<p><span class=\"wpcf7-form-control-wrap\" data-name=\"email-01\"><input size=\"40\" class=\"wpcf7-form-control wpcf7-text wpcf7-email wpcf7-validates-as-required wpcf7-validates-as-email form-email-control\" aria-required=\"true\" aria-invalid=\"false\" placeholder=\"Email*\" value=\"\" type=\"email\" name=\"email-01\" \/><\/span>\n\t\t\t<\/p>\n\t\t<\/div>\n\t<\/div>\n\t<div class=\"col small-12 large-6\">\n\t\t<div class=\"form-group\">\n\t\t\t<p><span class=\"wpcf7-form-control-wrap\" data-name=\"sdt-01\"><input size=\"40\" class=\"wpcf7-form-control wpcf7-text wpcf7-tel wpcf7-validates-as-required wpcf7-validates-as-tel form-phone-control\" aria-required=\"true\" aria-invalid=\"false\" placeholder=\"S\u1ed1 \u0111i\u1ec7n tho\u1ea1i*\" value=\"\" type=\"tel\" name=\"sdt-01\" \/><\/span>\n\t\t\t<\/p>\n\t\t<\/div>\n\t<\/div>\n\t<div class=\"col small-12 large-6\">\n\t\t<div class=\"form-group\">\n\t\t\t<p><span class=\"wpcf7-form-control-wrap\" data-name=\"chude-01\"><input size=\"40\" class=\"wpcf7-form-control wpcf7-text wpcf7-validates-as-required form-chude-control\" aria-required=\"true\" aria-invalid=\"false\" placeholder=\"Ch\u1ee7 \u0111\u1ec1\" value=\"\" type=\"text\" name=\"chude-01\" \/><\/span>\n\t\t\t<\/p>\n\t\t<\/div>\n\t<\/div>\n\t<div class=\"col small-12 large-12\">\n\t\t<div class=\"form-group\">\n\t\t\t<p><span class=\"wpcf7-form-control-wrap\" data-name=\"nd\"><textarea cols=\"40\" rows=\"10\" class=\"wpcf7-form-control wpcf7-textarea wpcf7-validates-as-required form-text-control\" aria-required=\"true\" aria-invalid=\"false\" placeholder=\"N\u1ed9i dung li\u00ean h\u1ec7*\" name=\"nd\"><\/textarea><\/span>\n\t\t\t<\/p>\n\t\t<\/div>\n\t<\/div>\n\t<div class=\"col small-12 large-12 button-dt\">\n\t\t<div class=\"form-group\">\n\t\t\t<p><input class=\"wpcf7-form-control has-spinner wpcf7-submit\" type=\"submit\" value=\"Submit\" \/>\n\t\t\t<\/p>\n\t\t<\/div>\n\t<\/div>\n<\/div><div class=\"wpcf7-response-output\" aria-hidden=\"true\"><\/div>\n<\/form>\n<\/div>\n\n<a href=\"#\" target=\"_self\" class=\"button primary lowercase\"  >\n    <span>\u0110\u1ecdc th\u00eam<\/span>\n  <\/a>\n\n\t\t<\/div>\n\t\t\t\t\t<\/div>\n\n\t\n<\/div>\n\t\t<\/div>\n\n\t\t\n<style>\n#section_716503973 {\n  padding-top: 30px;\n  padding-bottom: 30px;\n}\n#section_716503973 .section-bg.bg-loaded {\n  background-image: url(https:\/\/tsmst.com.vn\/wp-content\/uploads\/2023\/05\/IMAGE-5.png);\n}\n#section_716503973 .ux-shape-divider--top svg {\n  height: 150px;\n  --divider-top-width: 100%;\n}\n#section_716503973 .ux-shape-divider--bottom svg {\n  height: 150px;\n  --divider-width: 100%;\n}\n@media (min-width:550px) {\n  #section_716503973 {\n    padding-top: 118px;\n    padding-bottom: 118px;\n  }\n}\n<\/style>\n\t<\/section>\n\t\n","protected":false},"excerpt":{"rendered":"","protected":false},"author":1,"featured_media":3552,"parent":0,"menu_order":12,"comment_status":"closed","ping_status":"closed","template":"page-blank.php","meta":[],"yoast_head":"<!-- This site is optimized with the Yoast SEO plugin v20.8 - https:\/\/yoast.com\/wordpress\/plugins\/seo\/ -->\n<title>C\u00d4NG TY TNHH TH\u01af\u01a0NG M\u1ea0I V\u00c0 D\u1ecaCH V\u1ee4 KHOA H\u1eccC C\u00d4NG NGH\u1ec6 \u0110O L\u01af\u1edcNG<\/title>\n<meta name=\"description\" content=\"Cung c\u1ea5p c\u00e1c gi\u1ea3i ph\u00e1p v\u00e0 d\u1ecbch v\u1ee5 doanh nghi\u1ec7p bao g\u1ed3m c\u00e1c d\u1ecbch v\u1ee5 t\u00edch h\u1ee3p h\u1ec7 th\u1ed1ng, d\u1ecbch v\u1ee5 h\u1ec7 \u0111i\u1ec1u h\u00e0nh, CNTT ...\" \/>\n<meta name=\"robots\" content=\"index, follow, max-snippet:-1, max-image-preview:large, max-video-preview:-1\" \/>\n<link rel=\"canonical\" href=\"https:\/\/tsmst.com.vn\/\" \/>\n<meta property=\"og:locale\" content=\"vi_VN\" \/>\n<meta property=\"og:type\" content=\"article\" \/>\n<meta property=\"og:title\" content=\"C\u00d4NG TY TNHH TH\u01af\u01a0NG M\u1ea0I V\u00c0 D\u1ecaCH V\u1ee4 KHOA H\u1eccC C\u00d4NG NGH\u1ec6 \u0110O L\u01af\u1edcNG\" \/>\n<meta property=\"og:description\" content=\"Cung c\u1ea5p c\u00e1c gi\u1ea3i ph\u00e1p v\u00e0 d\u1ecbch v\u1ee5 doanh nghi\u1ec7p bao g\u1ed3m c\u00e1c d\u1ecbch v\u1ee5 t\u00edch h\u1ee3p h\u1ec7 th\u1ed1ng, d\u1ecbch v\u1ee5 h\u1ec7 \u0111i\u1ec1u h\u00e0nh, CNTT ...\" \/>\n<meta property=\"og:url\" content=\"https:\/\/tsmst.com.vn\/\" \/>\n<meta property=\"og:site_name\" content=\"tsmst\" \/>\n<meta property=\"article:modified_time\" content=\"2023-06-01T02:01:42+00:00\" \/>\n<meta property=\"og:image\" content=\"https:\/\/tsmst.com.vn\/wp-content\/uploads\/2023\/05\/logo.png\" \/>\n\t<meta property=\"og:image:width\" content=\"169\" \/>\n\t<meta property=\"og:image:height\" content=\"137\" \/>\n\t<meta property=\"og:image:type\" content=\"image\/png\" \/>\n<meta name=\"twitter:card\" content=\"summary_large_image\" \/>\n<meta name=\"twitter:label1\" content=\"\u01af\u1edbc t\u00ednh th\u1eddi gian \u0111\u1ecdc\" \/>\n\t<meta name=\"twitter:data1\" content=\"4 ph\u00fat\" \/>\n<script type=\"application\/ld+json\" class=\"yoast-schema-graph\">{\"@context\":\"https:\/\/schema.org\",\"@graph\":[{\"@type\":\"WebPage\",\"@id\":\"https:\/\/tsmst.com.vn\/\",\"url\":\"https:\/\/tsmst.com.vn\/\",\"name\":\"C\u00d4NG TY TNHH TH\u01af\u01a0NG M\u1ea0I V\u00c0 D\u1ecaCH V\u1ee4 KHOA H\u1eccC C\u00d4NG NGH\u1ec6 \u0110O L\u01af\u1edcNG\",\"isPartOf\":{\"@id\":\"https:\/\/tsmst.com.vn\/#website\"},\"datePublished\":\"2013-08-06T20:13:19+00:00\",\"dateModified\":\"2023-06-01T02:01:42+00:00\",\"description\":\"Cung c\u1ea5p c\u00e1c gi\u1ea3i ph\u00e1p v\u00e0 d\u1ecbch v\u1ee5 doanh nghi\u1ec7p bao g\u1ed3m c\u00e1c d\u1ecbch v\u1ee5 t\u00edch h\u1ee3p h\u1ec7 th\u1ed1ng, d\u1ecbch v\u1ee5 h\u1ec7 \u0111i\u1ec1u h\u00e0nh, CNTT ...\",\"breadcrumb\":{\"@id\":\"https:\/\/tsmst.com.vn\/#breadcrumb\"},\"inLanguage\":\"vi\",\"potentialAction\":[{\"@type\":\"ReadAction\",\"target\":[\"https:\/\/tsmst.com.vn\/\"]}]},{\"@type\":\"BreadcrumbList\",\"@id\":\"https:\/\/tsmst.com.vn\/#breadcrumb\",\"itemListElement\":[{\"@type\":\"ListItem\",\"position\":1,\"name\":\"Trang ch\u1ee7\",\"item\":\"https:\/\/tsmst.com.vn\/\"},{\"@type\":\"ListItem\",\"position\":2,\"name\":\"Trang ch\u1ee7\"}]},{\"@type\":\"WebSite\",\"@id\":\"https:\/\/tsmst.com.vn\/#website\",\"url\":\"https:\/\/tsmst.com.vn\/\",\"name\":\"tsmst\",\"description\":\"tsmst\",\"potentialAction\":[{\"@type\":\"SearchAction\",\"target\":{\"@type\":\"EntryPoint\",\"urlTemplate\":\"https:\/\/tsmst.com.vn\/?s={search_term_string}\"},\"query-input\":\"required name=search_term_string\"}],\"inLanguage\":\"vi\"}]}<\/script>\n<!-- \/ Yoast SEO plugin. -->","yoast_head_json":{"title":"C\u00d4NG TY TNHH TH\u01af\u01a0NG M\u1ea0I V\u00c0 D\u1ecaCH V\u1ee4 KHOA H\u1eccC C\u00d4NG NGH\u1ec6 \u0110O L\u01af\u1edcNG","description":"Cung c\u1ea5p c\u00e1c gi\u1ea3i ph\u00e1p v\u00e0 d\u1ecbch v\u1ee5 doanh nghi\u1ec7p bao g\u1ed3m c\u00e1c d\u1ecbch v\u1ee5 t\u00edch h\u1ee3p h\u1ec7 th\u1ed1ng, d\u1ecbch v\u1ee5 h\u1ec7 \u0111i\u1ec1u h\u00e0nh, CNTT ...","robots":{"index":"index","follow":"follow","max-snippet":"max-snippet:-1","max-image-preview":"max-image-preview:large","max-video-preview":"max-video-preview:-1"},"canonical":"https:\/\/tsmst.com.vn\/","og_locale":"vi_VN","og_type":"article","og_title":"C\u00d4NG TY TNHH TH\u01af\u01a0NG M\u1ea0I V\u00c0 D\u1ecaCH V\u1ee4 KHOA H\u1eccC C\u00d4NG NGH\u1ec6 \u0110O L\u01af\u1edcNG","og_description":"Cung c\u1ea5p c\u00e1c gi\u1ea3i ph\u00e1p v\u00e0 d\u1ecbch v\u1ee5 doanh nghi\u1ec7p bao g\u1ed3m c\u00e1c d\u1ecbch v\u1ee5 t\u00edch h\u1ee3p h\u1ec7 th\u1ed1ng, d\u1ecbch v\u1ee5 h\u1ec7 \u0111i\u1ec1u h\u00e0nh, CNTT ...","og_url":"https:\/\/tsmst.com.vn\/","og_site_name":"tsmst","article_modified_time":"2023-06-01T02:01:42+00:00","og_image":[{"width":169,"height":137,"url":"https:\/\/tsmst.com.vn\/wp-content\/uploads\/2023\/05\/logo.png","type":"image\/png"}],"twitter_card":"summary_large_image","twitter_misc":{"\u01af\u1edbc t\u00ednh th\u1eddi gian \u0111\u1ecdc":"4 ph\u00fat"},"schema":{"@context":"https:\/\/schema.org","@graph":[{"@type":"WebPage","@id":"https:\/\/tsmst.com.vn\/","url":"https:\/\/tsmst.com.vn\/","name":"C\u00d4NG TY TNHH TH\u01af\u01a0NG M\u1ea0I V\u00c0 D\u1ecaCH V\u1ee4 KHOA H\u1eccC C\u00d4NG NGH\u1ec6 \u0110O L\u01af\u1edcNG","isPartOf":{"@id":"https:\/\/tsmst.com.vn\/#website"},"datePublished":"2013-08-06T20:13:19+00:00","dateModified":"2023-06-01T02:01:42+00:00","description":"Cung c\u1ea5p c\u00e1c gi\u1ea3i ph\u00e1p v\u00e0 d\u1ecbch v\u1ee5 doanh nghi\u1ec7p bao g\u1ed3m c\u00e1c d\u1ecbch v\u1ee5 t\u00edch h\u1ee3p h\u1ec7 th\u1ed1ng, d\u1ecbch v\u1ee5 h\u1ec7 \u0111i\u1ec1u h\u00e0nh, CNTT ...","breadcrumb":{"@id":"https:\/\/tsmst.com.vn\/#breadcrumb"},"inLanguage":"vi","potentialAction":[{"@type":"ReadAction","target":["https:\/\/tsmst.com.vn\/"]}]},{"@type":"BreadcrumbList","@id":"https:\/\/tsmst.com.vn\/#breadcrumb","itemListElement":[{"@type":"ListItem","position":1,"name":"Trang ch\u1ee7","item":"https:\/\/tsmst.com.vn\/"},{"@type":"ListItem","position":2,"name":"Trang ch\u1ee7"}]},{"@type":"WebSite","@id":"https:\/\/tsmst.com.vn\/#website","url":"https:\/\/tsmst.com.vn\/","name":"tsmst","description":"tsmst","potentialAction":[{"@type":"SearchAction","target":{"@type":"EntryPoint","urlTemplate":"https:\/\/tsmst.com.vn\/?s={search_term_string}"},"query-input":"required name=search_term_string"}],"inLanguage":"vi"}]}},"_links":{"self":[{"href":"https:\/\/tsmst.com.vn\/index.php?rest_route=\/wp\/v2\/pages\/97"}],"collection":[{"href":"https:\/\/tsmst.com.vn\/index.php?rest_route=\/wp\/v2\/pages"}],"about":[{"href":"https:\/\/tsmst.com.vn\/index.php?rest_route=\/wp\/v2\/types\/page"}],"author":[{"embeddable":true,"href":"https:\/\/tsmst.com.vn\/index.php?rest_route=\/wp\/v2\/users\/1"}],"replies":[{"embeddable":true,"href":"https:\/\/tsmst.com.vn\/index.php?rest_route=%2Fwp%2Fv2%2Fcomments&post=97"}],"version-history":[{"count":605,"href":"https:\/\/tsmst.com.vn\/index.php?rest_route=\/wp\/v2\/pages\/97\/revisions"}],"predecessor-version":[{"id":3696,"href":"https:\/\/tsmst.com.vn\/index.php?rest_route=\/wp\/v2\/pages\/97\/revisions\/3696"}],"wp:featuredmedia":[{"embeddable":true,"href":"https:\/\/tsmst.com.vn\/index.php?rest_route=\/wp\/v2\/media\/3552"}],"wp:attachment":[{"href":"https:\/\/tsmst.com.vn\/index.php?rest_route=%2Fwp%2Fv2%2Fmedia&parent=97"}],"curies":[{"name":"wp","href":"https:\/\/api.w.org\/{rel}","templated":true}]}}